{"id":455,"date":"2025-04-14T13:20:20","date_gmt":"2025-04-14T13:20:20","guid":{"rendered":"https:\/\/cn.twchains.com\/?post_type=product&#038;p=455"},"modified":"2025-04-21T02:34:04","modified_gmt":"2025-04-21T02:34:04","slug":"x13-universal","status":"publish","type":"product","link":"https:\/\/cn.twchains.com\/zh\/product\/x13-universal\/","title":{"rendered":"\u00d713 \u901a\u7528\u578b"},"content":{"rendered":"","protected":false},"excerpt":{"rendered":"<ul>\n<li>Application Areas:Underground Mining, Hot Slag, Scrapyard, Recycling,Open-pit Mine.<\/li>\n<li>Main Component Dimension(W x H x L): 33x38x77mm.<\/li>\n<li>H1:17mm<\/li>\n<li>Engine Power: 40 kW &#8211; 130 kW.<\/li>\n<li>Operating Weight: 3 &#8211; 20 Tones.<\/li>\n<li>Tyre Size: 7.50\u00d715. 825\u00d716. 10\u00d716.5. 1000\u00d720. 1200\u00d720. 1200\u00d724. 16\/70\u00d720. 17.5\u00d725. 20.5\u00d725. 23.5\u00d725. 26.5\u00d725.<\/li>\n<\/ul>","protected":false},"featured_media":454,"template":"","meta":{"inline_featured_image":false,"_kad_post_transparent":"default","_kad_post_title":"","_kad_post_layout":"default","_kad_post_sidebar_id":"","_kad_post_content_style":"default","_kad_post_vertical_padding":"default","_kad_post_feature":"","_kad_post_feature_position":"","_kad_post_header":false,"_kad_post_footer":false},"product_brand":[],"product_cat":[15],"product_tag":[],"class_list":{"0":"post-455","1":"product","2":"type-product","3":"status-publish","4":"has-post-thumbnail","6":"product_cat-tyre-protection-chain","8":"first","9":"instock","10":"shipping-taxable","11":"product-type-simple","12":"entry","13":"content-bg","14":"loop-entry"},"yoast_head":"<!-- This site is optimized with the Yoast SEO plugin v25.4 - https:\/\/yoast.com\/wordpress\/plugins\/seo\/ -->\n<title>\u00d713 UNIVERSAL - twchains<\/title>\n<meta name=\"robots\" content=\"noindex, follow, max-snippet:-1, max-image-preview:large, max-video-preview:-1\" \/>\n<meta property=\"og:locale\" content=\"zh_CN\" \/>\n<meta property=\"og:type\" content=\"article\" \/>\n<meta property=\"og:title\" content=\"\u00d713 UNIVERSAL - twchains\" \/>\n<meta property=\"og:description\" content=\"Application Areas:Underground Mining, Hot Slag, Scrapyard, Recycling,Open-pit Mine.  Main Component Dimension(W x H x L): 33x38x77mm.  H1:17mm  Engine Power: 40 kW - 130 kW.  Operating Weight: 3 - 20 Tones.  Tyre Size: 7.50\u00d715. 825\u00d716. 10\u00d716.5. 1000\u00d720. 1200\u00d720. 1200\u00d724. 16\/70\u00d720. 17.5\u00d725. 20.5\u00d725. 23.5\u00d725. 26.5\u00d725.\" \/>\n<meta property=\"og:url\" content=\"https:\/\/cn.twchains.com\/zh\/product\/x13-universal\/\" \/>\n<meta property=\"og:site_name\" content=\"twchains\" \/>\n<meta property=\"article:modified_time\" content=\"2025-04-21T02:34:04+00:00\" \/>\n<meta property=\"og:image\" content=\"https:\/\/cn.twchains.com\/wp-content\/uploads\/2025\/04\/\u00d712-UNIVERSAL.jpg\" \/>\n\t<meta property=\"og:image:width\" content=\"800\" \/>\n\t<meta property=\"og:image:height\" content=\"800\" \/>\n\t<meta property=\"og:image:type\" content=\"image\/jpeg\" \/>\n<meta name=\"twitter:card\" content=\"summary_large_image\" \/>\n<meta name=\"twitter:label1\" content=\"\u9884\u8ba1\u9605\u8bfb\u65f6\u95f4\" \/>\n\t<meta name=\"twitter:data1\" content=\"1 \u5206\" \/>\n<script type=\"application\/ld+json\" class=\"yoast-schema-graph\">{\"@context\":\"https:\/\/schema.org\",\"@graph\":[{\"@type\":\"WebPage\",\"@id\":\"https:\/\/cn.twchains.com\/product\/x13-universal\/\",\"url\":\"https:\/\/cn.twchains.com\/product\/x13-universal\/\",\"name\":\"\u00d713 UNIVERSAL - twchains\",\"isPartOf\":{\"@id\":\"https:\/\/cn.twchains.com\/#website\"},\"primaryImageOfPage\":{\"@id\":\"https:\/\/cn.twchains.com\/product\/x13-universal\/#primaryimage\"},\"image\":{\"@id\":\"https:\/\/cn.twchains.com\/product\/x13-universal\/#primaryimage\"},\"thumbnailUrl\":\"https:\/\/cn.twchains.com\/wp-content\/uploads\/2025\/04\/\u00d712-UNIVERSAL.jpg\",\"datePublished\":\"2025-04-14T13:20:20+00:00\",\"dateModified\":\"2025-04-21T02:34:04+00:00\",\"breadcrumb\":{\"@id\":\"https:\/\/cn.twchains.com\/product\/x13-universal\/#breadcrumb\"},\"inLanguage\":\"zh-Hans\",\"potentialAction\":[{\"@type\":\"ReadAction\",\"target\":[\"https:\/\/cn.twchains.com\/product\/x13-universal\/\"]}]},{\"@type\":\"ImageObject\",\"inLanguage\":\"zh-Hans\",\"@id\":\"https:\/\/cn.twchains.com\/product\/x13-universal\/#primaryimage\",\"url\":\"https:\/\/cn.twchains.com\/wp-content\/uploads\/2025\/04\/\u00d712-UNIVERSAL.jpg\",\"contentUrl\":\"https:\/\/cn.twchains.com\/wp-content\/uploads\/2025\/04\/\u00d712-UNIVERSAL.jpg\",\"width\":800,\"height\":800},{\"@type\":\"BreadcrumbList\",\"@id\":\"https:\/\/cn.twchains.com\/product\/x13-universal\/#breadcrumb\",\"itemListElement\":[{\"@type\":\"ListItem\",\"position\":1,\"name\":\"Home\",\"item\":\"https:\/\/cn.twchains.com\/\"},{\"@type\":\"ListItem\",\"position\":2,\"name\":\"Products\",\"item\":\"https:\/\/cn.twchains.com\/products\/\"},{\"@type\":\"ListItem\",\"position\":3,\"name\":\"\u00d713 UNIVERSAL\"}]},{\"@type\":\"WebSite\",\"@id\":\"https:\/\/cn.twchains.com\/#website\",\"url\":\"https:\/\/cn.twchains.com\/\",\"name\":\"twchains\",\"description\":\"\",\"publisher\":{\"@id\":\"https:\/\/cn.twchains.com\/#organization\"},\"potentialAction\":[{\"@type\":\"SearchAction\",\"target\":{\"@type\":\"EntryPoint\",\"urlTemplate\":\"https:\/\/cn.twchains.com\/?s={search_term_string}\"},\"query-input\":{\"@type\":\"PropertyValueSpecification\",\"valueRequired\":true,\"valueName\":\"search_term_string\"}}],\"inLanguage\":\"zh-Hans\"},{\"@type\":\"Organization\",\"@id\":\"https:\/\/cn.twchains.com\/#organization\",\"name\":\"twchains\",\"url\":\"https:\/\/cn.twchains.com\/\",\"logo\":{\"@type\":\"ImageObject\",\"inLanguage\":\"zh-Hans\",\"@id\":\"https:\/\/cn.twchains.com\/#\/schema\/logo\/image\/\",\"url\":\"https:\/\/cn.twchains.com\/wp-content\/uploads\/2025\/04\/tongwei-logo-100.svg\",\"contentUrl\":\"https:\/\/cn.twchains.com\/wp-content\/uploads\/2025\/04\/tongwei-logo-100.svg\",\"width\":128,\"height\":100,\"caption\":\"twchains\"},\"image\":{\"@id\":\"https:\/\/cn.twchains.com\/#\/schema\/logo\/image\/\"}}]}<\/script>\n<!-- \/ Yoast SEO plugin. -->","yoast_head_json":{"title":"\u00d713 UNIVERSAL - twchains","robots":{"index":"noindex","follow":"follow","max-snippet":"max-snippet:-1","max-image-preview":"max-image-preview:large","max-video-preview":"max-video-preview:-1"},"og_locale":"zh_CN","og_type":"article","og_title":"\u00d713 UNIVERSAL - twchains","og_description":"Application Areas:Underground Mining, Hot Slag, Scrapyard, Recycling,Open-pit Mine.  Main Component Dimension(W x H x L): 33x38x77mm.  H1:17mm  Engine Power: 40 kW - 130 kW.  Operating Weight: 3 - 20 Tones.  Tyre Size: 7.50\u00d715. 825\u00d716. 10\u00d716.5. 1000\u00d720. 1200\u00d720. 1200\u00d724. 16\/70\u00d720. 17.5\u00d725. 20.5\u00d725. 23.5\u00d725. 26.5\u00d725.","og_url":"https:\/\/cn.twchains.com\/zh\/product\/x13-universal\/","og_site_name":"twchains","article_modified_time":"2025-04-21T02:34:04+00:00","og_image":[{"width":800,"height":800,"url":"https:\/\/cn.twchains.com\/wp-content\/uploads\/2025\/04\/\u00d712-UNIVERSAL.jpg","type":"image\/jpeg"}],"twitter_card":"summary_large_image","twitter_misc":{"\u9884\u8ba1\u9605\u8bfb\u65f6\u95f4":"1 \u5206"},"schema":{"@context":"https:\/\/schema.org","@graph":[{"@type":"WebPage","@id":"https:\/\/cn.twchains.com\/product\/x13-universal\/","url":"https:\/\/cn.twchains.com\/product\/x13-universal\/","name":"\u00d713 UNIVERSAL - twchains","isPartOf":{"@id":"https:\/\/cn.twchains.com\/#website"},"primaryImageOfPage":{"@id":"https:\/\/cn.twchains.com\/product\/x13-universal\/#primaryimage"},"image":{"@id":"https:\/\/cn.twchains.com\/product\/x13-universal\/#primaryimage"},"thumbnailUrl":"https:\/\/cn.twchains.com\/wp-content\/uploads\/2025\/04\/\u00d712-UNIVERSAL.jpg","datePublished":"2025-04-14T13:20:20+00:00","dateModified":"2025-04-21T02:34:04+00:00","breadcrumb":{"@id":"https:\/\/cn.twchains.com\/product\/x13-universal\/#breadcrumb"},"inLanguage":"zh-Hans","potentialAction":[{"@type":"ReadAction","target":["https:\/\/cn.twchains.com\/product\/x13-universal\/"]}]},{"@type":"ImageObject","inLanguage":"zh-Hans","@id":"https:\/\/cn.twchains.com\/product\/x13-universal\/#primaryimage","url":"https:\/\/cn.twchains.com\/wp-content\/uploads\/2025\/04\/\u00d712-UNIVERSAL.jpg","contentUrl":"https:\/\/cn.twchains.com\/wp-content\/uploads\/2025\/04\/\u00d712-UNIVERSAL.jpg","width":800,"height":800},{"@type":"BreadcrumbList","@id":"https:\/\/cn.twchains.com\/product\/x13-universal\/#breadcrumb","itemListElement":[{"@type":"ListItem","position":1,"name":"Home","item":"https:\/\/cn.twchains.com\/"},{"@type":"ListItem","position":2,"name":"Products","item":"https:\/\/cn.twchains.com\/products\/"},{"@type":"ListItem","position":3,"name":"\u00d713 UNIVERSAL"}]},{"@type":"WebSite","@id":"https:\/\/cn.twchains.com\/#website","url":"https:\/\/cn.twchains.com\/","name":"\u53cc\u94fe","description":"","publisher":{"@id":"https:\/\/cn.twchains.com\/#organization"},"potentialAction":[{"@type":"SearchAction","target":{"@type":"EntryPoint","urlTemplate":"https:\/\/cn.twchains.com\/?s={search_term_string}"},"query-input":{"@type":"PropertyValueSpecification","valueRequired":true,"valueName":"search_term_string"}}],"inLanguage":"zh-Hans"},{"@type":"Organization","@id":"https:\/\/cn.twchains.com\/#organization","name":"\u53cc\u94fe","url":"https:\/\/cn.twchains.com\/","logo":{"@type":"ImageObject","inLanguage":"zh-Hans","@id":"https:\/\/cn.twchains.com\/#\/schema\/logo\/image\/","url":"https:\/\/cn.twchains.com\/wp-content\/uploads\/2025\/04\/tongwei-logo-100.svg","contentUrl":"https:\/\/cn.twchains.com\/wp-content\/uploads\/2025\/04\/tongwei-logo-100.svg","width":128,"height":100,"caption":"twchains"},"image":{"@id":"https:\/\/cn.twchains.com\/#\/schema\/logo\/image\/"}}]}},"_links":{"self":[{"href":"https:\/\/cn.twchains.com\/zh\/wp-json\/wp\/v2\/product\/455","targetHints":{"allow":["GET"]}}],"collection":[{"href":"https:\/\/cn.twchains.com\/zh\/wp-json\/wp\/v2\/product"}],"about":[{"href":"https:\/\/cn.twchains.com\/zh\/wp-json\/wp\/v2\/types\/product"}],"wp:featuredmedia":[{"embeddable":true,"href":"https:\/\/cn.twchains.com\/zh\/wp-json\/wp\/v2\/media\/454"}],"wp:attachment":[{"href":"https:\/\/cn.twchains.com\/zh\/wp-json\/wp\/v2\/media?parent=455"}],"wp:term":[{"taxonomy":"product_brand","embeddable":true,"href":"https:\/\/cn.twchains.com\/zh\/wp-json\/wp\/v2\/product_brand?post=455"},{"taxonomy":"product_cat","embeddable":true,"href":"https:\/\/cn.twchains.com\/zh\/wp-json\/wp\/v2\/product_cat?post=455"},{"taxonomy":"product_tag","embeddable":true,"href":"https:\/\/cn.twchains.com\/zh\/wp-json\/wp\/v2\/product_tag?post=455"}],"curies":[{"name":"wp","href":"https:\/\/api.w.org\/{rel}","templated":true}]}}